{"id":298,"date":"2024-11-18T11:12:03","date_gmt":"2024-11-18T10:12:03","guid":{"rendered":"https:\/\/oevi.dk\/badminton\/?page_id=298"},"modified":"2026-01-15T11:11:08","modified_gmt":"2026-01-15T10:11:08","slug":"traening-for-boerne-og-ungdomsspillere","status":"publish","type":"page","link":"https:\/\/oevi.dk\/badminton\/traening-for-boerne-og-ungdomsspillere\/","title":{"rendered":"Tr\u00e6ning for b\u00f8rne- og ungdomsspillere"},"content":{"rendered":"\n<div class=\"wp-block-columns align-center is-layout-flex wp-container-core-columns-is-layout-9d6595d7 wp-block-columns-is-layout-flex\">\n<div class=\"wp-block-column is-layout-flow wp-block-column-is-layout-flow\">\n<h2 class=\"wp-block-heading\"><strong>Tr\u00e6ning for b\u00f8rne- og ungdomsspillere<\/strong><\/h2>\n\n\n\n<p><strong><em>S\u00e6sonperiode 1\/9-2025 &#8211; 27\/4-2026<\/em><\/strong><\/p>\n\n\n\n<p>For b\u00f8rn og unge i alle aldre er der f\u00e6lles tr\u00e6ning to gange ugentligt. Du er velkommen, uanset om du er nybegynder, let \u00f8vet eller \u00f8vet. Det vigtigste for os er, at der er plads til alle og at det er sjovt at g\u00e5 til badminton.<\/p>\n\n\n\n<p><\/p>\n\n\n\n<p>I er som for\u00e6ldre altid velkomne i hallen og p\u00e5 gulvet, men s\u00e6rligt <strong>sidste fredag i m\u00e5neden<\/strong>, vil vi gerne se for\u00e6ldre og s\u00f8skende til en familiedyst.<\/p>\n\n\n\n<p>Der er altid mulighed for at l\u00e5ne en badmintonketcher til tr\u00e6ningen. <br>Husk indend\u00f8rssko og drikkedunk.<\/p>\n\n\n\n<p>Vi gl\u00e6der os til at se dig!<\/p>\n\n\n\n<p>Pris for s\u00e6sonen 2025\/2026:<\/p>\n\n\n\n<p><strong>750 kr for 2 x ugentlig tr\u00e6ning i hele s\u00e6sonen inkl. klubtr\u00f8je.<\/strong><\/p>\n\n\n\n<p>For dem der har lyst til at forts\u00e6tte tr\u00e6ningen indtil sommerferien, tilbyder vi mandagstr\u00e6ning. N\u00e6rmere info f\u00f8lger.<\/p>\n\n\n\n<h4 class=\"wp-block-heading\"><strong>Tr\u00e6ningstider<\/strong>:<\/h4>\n\n\n\n<figure class=\"wp-block-table\"><table class=\"has-fixed-layout\"><tbody><tr><td>Mandag<\/td><td>Kl. 17.00 &#8211; 19.00<\/td><\/tr><tr><td>Fredag<\/td><td>Kl. 15.00 &#8211; 17.00<\/td><\/tr><tr><td>Begge dage m\u00f8der alle ind fra start. De yngste kan g\u00e5 hjem 30 min f\u00f8r.<\/td><td><\/td><\/tr><\/tbody><\/table><\/figure>\n<\/div>\n\n\n\n<div class=\"wp-block-column is-layout-flow wp-block-column-is-layout-flow\">\n<div class=\"wp-block-lcb-logo-carousel alcb__03910ff0 alcb__active_pagination\"><div dir=\"ltr\" class=\"alcb__carousel_container swiper\" data-desktop=\"1\" data-tablet=\"1\" data-mobile=\"1\" data-autoplay=\"true\" data-autoplaydelay=\"5000\" data-autoplaydirection=\"false\" data-speed=\"400\" data-loop=\"true\" data-pauseonhover=\"true\" data-keyboard=\"false\" data-mousewheel=\"false\" data-autoheight=\"false\" data-deskspace=\"30\" data-tabspace=\"20\" data-phonespace=\"10\" data-id=\"alcb__03910ff0\" data-pagination=\"true\" data-navigation=\"true\" id=\"alcb__03910ff0\"><div class=\"swiper-wrapper\"><div class=\"swiper-slide alcb__logo-item\" style=\"border: 0 solid #333333;border-radius:0px\"><div class=\"alcb__logo-image  alcb__none\"><img decoding=\"async\" data-src=\"https:\/\/oevi.dk\/badminton\/wp-content\/uploads\/2025\/09\/received_1073886861593385-scaled.jpeg\" alt=\"\" id=\"758\" src=\"data:image\/svg+xml;base64,PHN2ZyB3aWR0aD0iMSIgaGVpZ2h0PSIxIiB4bWxucz0iaHR0cDovL3d3dy53My5vcmcvMjAwMC9zdmciPjwvc3ZnPg==\" class=\"lazyload\" style=\"--smush-placeholder-width: 1920px; --smush-placeholder-aspect-ratio: 1920\/2560;\" \/><\/div><\/div><div class=\"swiper-slide alcb__logo-item\" style=\"border: 0 solid #333333;border-radius:0px\"><div class=\"alcb__logo-image  alcb__none\"><img decoding=\"async\" data-src=\"https:\/\/oevi.dk\/badminton\/wp-content\/uploads\/2025\/09\/received_667572139693351-scaled.jpeg\" alt=\"\" id=\"757\" src=\"data:image\/svg+xml;base64,PHN2ZyB3aWR0aD0iMSIgaGVpZ2h0PSIxIiB4bWxucz0iaHR0cDovL3d3dy53My5vcmcvMjAwMC9zdmciPjwvc3ZnPg==\" class=\"lazyload\" style=\"--smush-placeholder-width: 1920px; --smush-placeholder-aspect-ratio: 1920\/2560;\" \/><\/div><\/div><div class=\"swiper-slide alcb__logo-item\" style=\"border: 0 solid #333333;border-radius:0px\"><div class=\"alcb__logo-image  alcb__none\"><img decoding=\"async\" data-src=\"https:\/\/oevi.dk\/badminton\/wp-content\/uploads\/2025\/09\/received_1962120001205331-scaled.jpeg\" alt=\"\" id=\"751\" src=\"data:image\/svg+xml;base64,PHN2ZyB3aWR0aD0iMSIgaGVpZ2h0PSIxIiB4bWxucz0iaHR0cDovL3d3dy53My5vcmcvMjAwMC9zdmciPjwvc3ZnPg==\" class=\"lazyload\" style=\"--smush-placeholder-width: 1920px; --smush-placeholder-aspect-ratio: 1920\/2560;\" \/><\/div><\/div><div class=\"swiper-slide alcb__logo-item\" style=\"border: 0 solid #333333;border-radius:0px\"><div class=\"alcb__logo-image  alcb__none\"><img decoding=\"async\" data-src=\"https:\/\/oevi.dk\/badminton\/wp-content\/uploads\/2025\/04\/Check.jpg\" alt=\"\" id=\"500\" src=\"data:image\/svg+xml;base64,PHN2ZyB3aWR0aD0iMSIgaGVpZ2h0PSIxIiB4bWxucz0iaHR0cDovL3d3dy53My5vcmcvMjAwMC9zdmciPjwvc3ZnPg==\" class=\"lazyload\" style=\"--smush-placeholder-width: 2000px; --smush-placeholder-aspect-ratio: 2000\/1500;\" \/><\/div><\/div><div class=\"swiper-slide alcb__logo-item\" style=\"border: 0 solid #333333;border-radius:0px\"><div class=\"alcb__logo-image  alcb__none\"><img decoding=\"async\" data-src=\"https:\/\/oevi.dk\/badminton\/wp-content\/uploads\/2025\/04\/IMG_4491-scaled.jpg\" alt=\"\" id=\"654\" src=\"data:image\/svg+xml;base64,PHN2ZyB3aWR0aD0iMSIgaGVpZ2h0PSIxIiB4bWxucz0iaHR0cDovL3d3dy53My5vcmcvMjAwMC9zdmciPjwvc3ZnPg==\" class=\"lazyload\" style=\"--smush-placeholder-width: 2560px; --smush-placeholder-aspect-ratio: 2560\/1920;\" \/><\/div><\/div><div class=\"swiper-slide alcb__logo-item\" style=\"border: 0 solid #333333;border-radius:0px\"><div class=\"alcb__logo-image  alcb__none\"><img decoding=\"async\" data-src=\"https:\/\/oevi.dk\/badminton\/wp-content\/uploads\/2025\/04\/IMG_4509-scaled-e1745920908814.jpg\" alt=\"\" id=\"655\" src=\"data:image\/svg+xml;base64,PHN2ZyB3aWR0aD0iMSIgaGVpZ2h0PSIxIiB4bWxucz0iaHR0cDovL3d3dy53My5vcmcvMjAwMC9zdmciPjwvc3ZnPg==\" class=\"lazyload\" style=\"--smush-placeholder-width: 2202px; --smush-placeholder-aspect-ratio: 2202\/1810;\" \/><\/div><\/div><div class=\"swiper-slide alcb__logo-item\" style=\"border: 0 solid #333333;border-radius:0px\"><div class=\"alcb__logo-image  alcb__none\"><img decoding=\"async\" data-src=\"https:\/\/oevi.dk\/badminton\/wp-content\/uploads\/2025\/04\/IMG_2710-scaled.jpeg\" alt=\"\" id=\"672\" src=\"data:image\/svg+xml;base64,PHN2ZyB3aWR0aD0iMSIgaGVpZ2h0PSIxIiB4bWxucz0iaHR0cDovL3d3dy53My5vcmcvMjAwMC9zdmciPjwvc3ZnPg==\" class=\"lazyload\" style=\"--smush-placeholder-width: 1920px; --smush-placeholder-aspect-ratio: 1920\/2560;\" \/><\/div><\/div><div class=\"swiper-slide alcb__logo-item\" style=\"border: 0 solid #333333;border-radius:0px\"><div class=\"alcb__logo-image  alcb__none\"><img decoding=\"async\" data-src=\"https:\/\/oevi.dk\/badminton\/wp-content\/uploads\/2025\/04\/IMG_2703-scaled-e1745921422160.jpeg\" alt=\"\" id=\"675\" src=\"data:image\/svg+xml;base64,PHN2ZyB3aWR0aD0iMSIgaGVpZ2h0PSIxIiB4bWxucz0iaHR0cDovL3d3dy53My5vcmcvMjAwMC9zdmciPjwvc3ZnPg==\" class=\"lazyload\" style=\"--smush-placeholder-width: 1620px; --smush-placeholder-aspect-ratio: 1620\/1796;\" \/><\/div><\/div><\/div><\/div><div class=\"alcb__pag swiper-pagination\"><\/div><div class=\"navigation\"><div class=\"alcb__prev swiper-button-prev\"><\/div><div class=\"alcb__next swiper-button-next\"><\/div><\/div><\/div>\n<\/div>\n<\/div>\n\n\n\n<h4 class=\"wp-block-heading\"><strong>Opslagstavle:<\/strong><\/h4>\n\n\n\n<div class=\"wp-block-group alignfull\"><div class=\"wp-block-group__inner-container is-layout-constrained wp-block-group-is-layout-constrained\">\n<div class=\"wp-block-columns is-layout-flex wp-container-core-columns-is-layout-9d6595d7 wp-block-columns-is-layout-flex\">\n<div class=\"wp-block-column is-vertically-aligned-top is-layout-flow wp-block-column-is-layout-flow\"><div class=\"wp-block-image\">\n<figure class=\"aligncenter size-large is-resized\"><img decoding=\"async\" width=\"745\" height=\"1024\" data-src=\"https:\/\/oevi.dk\/badminton\/wp-content\/uploads\/2025\/09\/received_1288814565983212-scaled-e1756888730772-745x1024.jpeg\" alt=\"\" class=\"wp-image-745 lazyload\" style=\"--smush-placeholder-width: 745px; --smush-placeholder-aspect-ratio: 745\/1024;width:328px;height:auto\" data-srcset=\"https:\/\/oevi.dk\/badminton\/wp-content\/uploads\/2025\/09\/received_1288814565983212-scaled-e1756888730772-745x1024.jpeg 745w, https:\/\/oevi.dk\/badminton\/wp-content\/uploads\/2025\/09\/received_1288814565983212-scaled-e1756888730772-218x300.jpeg 218w, https:\/\/oevi.dk\/badminton\/wp-content\/uploads\/2025\/09\/received_1288814565983212-scaled-e1756888730772-768x1056.jpeg 768w, https:\/\/oevi.dk\/badminton\/wp-content\/uploads\/2025\/09\/received_1288814565983212-scaled-e1756888730772-1117x1536.jpeg 1117w, https:\/\/oevi.dk\/badminton\/wp-content\/uploads\/2025\/09\/received_1288814565983212-scaled-e1756888730772-1489x2048.jpeg 1489w, https:\/\/oevi.dk\/badminton\/wp-content\/uploads\/2025\/09\/received_1288814565983212-scaled-e1756888730772.jpeg 1604w\" data-sizes=\"(max-width: 745px) 100vw, 745px\" src=\"data:image\/svg+xml;base64,PHN2ZyB3aWR0aD0iMSIgaGVpZ2h0PSIxIiB4bWxucz0iaHR0cDovL3d3dy53My5vcmcvMjAwMC9zdmciPjwvc3ZnPg==\" \/><\/figure>\n<\/div><\/div>\n\n\n\n<div class=\"wp-block-column is-layout-flow wp-block-column-is-layout-flow\"><div class=\"wp-block-image\">\n<figure class=\"aligncenter size-full is-resized\"><img decoding=\"async\" width=\"509\" height=\"602\" data-src=\"https:\/\/oevi.dk\/badminton\/wp-content\/uploads\/2025\/08\/Familiefjer-2025-2026.jpg\" alt=\"\" class=\"wp-image-737 lazyload\" style=\"--smush-placeholder-width: 509px; --smush-placeholder-aspect-ratio: 509\/602;width:490px;height:auto\" data-srcset=\"https:\/\/oevi.dk\/badminton\/wp-content\/uploads\/2025\/08\/Familiefjer-2025-2026.jpg 509w, https:\/\/oevi.dk\/badminton\/wp-content\/uploads\/2025\/08\/Familiefjer-2025-2026-254x300.jpg 254w\" data-sizes=\"(max-width: 509px) 100vw, 509px\" src=\"data:image\/svg+xml;base64,PHN2ZyB3aWR0aD0iMSIgaGVpZ2h0PSIxIiB4bWxucz0iaHR0cDovL3d3dy53My5vcmcvMjAwMC9zdmciPjwvc3ZnPg==\" \/><\/figure>\n<\/div><\/div>\n<\/div>\n<\/div><\/div>\n\n\n\n<div class=\"wp-block-group rounded-lg shadow-md has-base-3-background-color has-background\"><div class=\"wp-block-group__inner-container is-layout-constrained wp-block-group-is-layout-constrained\">\n<div class=\"wp-block-columns mb-0 is-layout-flex wp-container-core-columns-is-layout-9d6595d7 wp-block-columns-is-layout-flex\">\n<div class=\"wp-block-column is-layout-flow wp-block-column-is-layout-flow\"><div class=\"wp-block-image is-style-rounded object-top\">\n<figure class=\"aligncenter size-full is-resized\"><img decoding=\"async\" width=\"1080\" height=\"1080\" data-src=\"https:\/\/oevi.dk\/badminton\/wp-content\/uploads\/2024\/12\/Billetter-Export-2023-April-21-0756-1.jpg\" alt=\"\" class=\"wp-image-438 lazyload\" style=\"--smush-placeholder-width: 1080px; --smush-placeholder-aspect-ratio: 1080\/1080;aspect-ratio:1;object-fit:cover;width:220px;height:auto\" data-srcset=\"https:\/\/oevi.dk\/badminton\/wp-content\/uploads\/2024\/12\/Billetter-Export-2023-April-21-0756-1.jpg 1080w, https:\/\/oevi.dk\/badminton\/wp-content\/uploads\/2024\/12\/Billetter-Export-2023-April-21-0756-1-300x300.jpg 300w, https:\/\/oevi.dk\/badminton\/wp-content\/uploads\/2024\/12\/Billetter-Export-2023-April-21-0756-1-1024x1024.jpg 1024w, https:\/\/oevi.dk\/badminton\/wp-content\/uploads\/2024\/12\/Billetter-Export-2023-April-21-0756-1-150x150.jpg 150w, https:\/\/oevi.dk\/badminton\/wp-content\/uploads\/2024\/12\/Billetter-Export-2023-April-21-0756-1-768x768.jpg 768w\" data-sizes=\"(max-width: 1080px) 100vw, 1080px\" src=\"data:image\/svg+xml;base64,PHN2ZyB3aWR0aD0iMSIgaGVpZ2h0PSIxIiB4bWxucz0iaHR0cDovL3d3dy53My5vcmcvMjAwMC9zdmciPjwvc3ZnPg==\" \/><\/figure>\n<\/div>\n\n\n<div style=\"height:15px\" aria-hidden=\"true\" class=\"wp-block-spacer\"><\/div>\n\n\n\n<h5 class=\"wp-block-heading has-text-align-center mb-0\"><strong>Brian Andersen<\/strong><\/h5>\n\n\n\n<p class=\"has-text-align-center mb-0\">Tr\u00e6ner<\/p>\n\n\n\n<div style=\"height:15px\" aria-hidden=\"true\" class=\"wp-block-spacer\"><\/div>\n\n\n\n<ul class=\"wp-block-social-links mb-0 is-content-justification-center is-layout-flex wp-container-core-social-links-is-layout-16018d1d wp-block-social-links-is-layout-flex\"><li class=\"wp-social-link wp-social-link-mail  wp-block-social-link\"><a href=\"mailto:ovifjerbold@outlook.dk\" class=\"wp-block-social-link-anchor\"><svg width=\"24\" height=\"24\" viewBox=\"0 0 24 24\" version=\"1.1\" xmlns=\"http:\/\/www.w3.org\/2000\/svg\" aria-hidden=\"true\" focusable=\"false\"><path d=\"M19,5H5c-1.1,0-2,.9-2,2v10c0,1.1.9,2,2,2h14c1.1,0,2-.9,2-2V7c0-1.1-.9-2-2-2zm.5,12c0,.3-.2.5-.5.5H5c-.3,0-.5-.2-.5-.5V9.8l7.5,5.6,7.5-5.6V17zm0-9.1L12,13.6,4.5,7.9V7c0-.3.2-.5.5-.5h14c.3,0,.5.2.5.5v.9z\"><\/path><\/svg><span class=\"wp-block-social-link-label screen-reader-text\">Mail<\/span><\/a><\/li>\n\n<li class=\"wp-social-link wp-social-link-chain  custom-phone-icon wp-block-social-link\"><a href=\"tel:+4561708132\" class=\"wp-block-social-link-anchor\"><svg width=\"24\" height=\"24\" viewBox=\"0 0 24 24\" version=\"1.1\" xmlns=\"http:\/\/www.w3.org\/2000\/svg\" aria-hidden=\"true\" focusable=\"false\"><path d=\"M15.6,7.2H14v1.5h1.6c2,0,3.7,1.7,3.7,3.7s-1.7,3.7-3.7,3.7H14v1.5h1.6c2.8,0,5.2-2.3,5.2-5.2,0-2.9-2.3-5.2-5.2-5.2zM4.7,12.4c0-2,1.7-3.7,3.7-3.7H10V7.2H8.4c-2.9,0-5.2,2.3-5.2,5.2,0,2.9,2.3,5.2,5.2,5.2H10v-1.5H8.4c-2,0-3.7-1.7-3.7-3.7zm4.6.9h5.3v-1.5H9.3v1.5z\"><\/path><\/svg><span class=\"wp-block-social-link-label screen-reader-text\">Telefon<\/span><\/a><\/li><\/ul>\n<\/div>\n\n\n\n<div class=\"wp-block-column is-layout-flow wp-block-column-is-layout-flow\"><div class=\"wp-block-image is-style-rounded object-top\">\n<figure class=\"aligncenter size-full is-resized\"><img decoding=\"async\" width=\"1710\" height=\"1728\" data-src=\"https:\/\/oevi.dk\/badminton\/wp-content\/uploads\/2026\/01\/IMG_20260112_175608883-scaled-e1768466309291.jpg\" alt=\"\" class=\"wp-image-775 lazyload\" style=\"--smush-placeholder-width: 1710px; --smush-placeholder-aspect-ratio: 1710\/1728;aspect-ratio:1;object-fit:cover;width:220px;height:auto\" data-srcset=\"https:\/\/oevi.dk\/badminton\/wp-content\/uploads\/2026\/01\/IMG_20260112_175608883-scaled-e1768466309291.jpg 1710w, https:\/\/oevi.dk\/badminton\/wp-content\/uploads\/2026\/01\/IMG_20260112_175608883-scaled-e1768466309291-297x300.jpg 297w, https:\/\/oevi.dk\/badminton\/wp-content\/uploads\/2026\/01\/IMG_20260112_175608883-scaled-e1768466309291-1013x1024.jpg 1013w, https:\/\/oevi.dk\/badminton\/wp-content\/uploads\/2026\/01\/IMG_20260112_175608883-scaled-e1768466309291-768x776.jpg 768w, https:\/\/oevi.dk\/badminton\/wp-content\/uploads\/2026\/01\/IMG_20260112_175608883-scaled-e1768466309291-1520x1536.jpg 1520w\" data-sizes=\"(max-width: 1710px) 100vw, 1710px\" src=\"data:image\/svg+xml;base64,PHN2ZyB3aWR0aD0iMSIgaGVpZ2h0PSIxIiB4bWxucz0iaHR0cDovL3d3dy53My5vcmcvMjAwMC9zdmciPjwvc3ZnPg==\" \/><\/figure>\n<\/div>\n\n\n<div style=\"height:15px\" aria-hidden=\"true\" class=\"wp-block-spacer\"><\/div>\n\n\n\n<h5 class=\"wp-block-heading has-text-align-center mb-0\"><strong>Rasmus Donb\u00e6k<\/strong><\/h5>\n\n\n\n<p class=\"has-text-align-center mb-0\">Hj\u00e6lpetr\u00e6ner<\/p>\n\n\n\n<div style=\"height:15px\" aria-hidden=\"true\" class=\"wp-block-spacer\"><\/div>\n\n\n\n<ul class=\"wp-block-social-links mb-0 is-content-justification-center is-layout-flex wp-container-core-social-links-is-layout-16018d1d wp-block-social-links-is-layout-flex\"><li class=\"wp-social-link wp-social-link-mail  wp-block-social-link\"><a href=\"mailto:ovifjerbold@outlook.dk\" class=\"wp-block-social-link-anchor\"><svg width=\"24\" height=\"24\" viewBox=\"0 0 24 24\" version=\"1.1\" xmlns=\"http:\/\/www.w3.org\/2000\/svg\" aria-hidden=\"true\" focusable=\"false\"><path d=\"M19,5H5c-1.1,0-2,.9-2,2v10c0,1.1.9,2,2,2h14c1.1,0,2-.9,2-2V7c0-1.1-.9-2-2-2zm.5,12c0,.3-.2.5-.5.5H5c-.3,0-.5-.2-.5-.5V9.8l7.5,5.6,7.5-5.6V17zm0-9.1L12,13.6,4.5,7.9V7c0-.3.2-.5.5-.5h14c.3,0,.5.2.5.5v.9z\"><\/path><\/svg><span class=\"wp-block-social-link-label screen-reader-text\">Mail<\/span><\/a><\/li><\/ul>\n<\/div>\n\n\n\n<div class=\"wp-block-column is-layout-flow wp-block-column-is-layout-flow\"><div class=\"wp-block-image is-style-rounded object-top\">\n<figure class=\"aligncenter size-full is-resized\"><img decoding=\"async\" width=\"1920\" height=\"1924\" data-src=\"https:\/\/oevi.dk\/badminton\/wp-content\/uploads\/2026\/01\/IMG_20260112_175819370-scaled-e1768466685270.jpg\" alt=\"\" class=\"wp-image-774 lazyload\" style=\"--smush-placeholder-width: 1920px; --smush-placeholder-aspect-ratio: 1920\/1924;aspect-ratio:1;object-fit:cover;width:220px;height:auto\" data-srcset=\"https:\/\/oevi.dk\/badminton\/wp-content\/uploads\/2026\/01\/IMG_20260112_175819370-scaled-e1768466685270.jpg 1920w, https:\/\/oevi.dk\/badminton\/wp-content\/uploads\/2026\/01\/IMG_20260112_175819370-scaled-e1768466685270-300x300.jpg 300w, https:\/\/oevi.dk\/badminton\/wp-content\/uploads\/2026\/01\/IMG_20260112_175819370-scaled-e1768466685270-1022x1024.jpg 1022w, https:\/\/oevi.dk\/badminton\/wp-content\/uploads\/2026\/01\/IMG_20260112_175819370-scaled-e1768466685270-150x150.jpg 150w, https:\/\/oevi.dk\/badminton\/wp-content\/uploads\/2026\/01\/IMG_20260112_175819370-scaled-e1768466685270-768x770.jpg 768w, https:\/\/oevi.dk\/badminton\/wp-content\/uploads\/2026\/01\/IMG_20260112_175819370-scaled-e1768466685270-1533x1536.jpg 1533w\" data-sizes=\"(max-width: 1920px) 100vw, 1920px\" src=\"data:image\/svg+xml;base64,PHN2ZyB3aWR0aD0iMSIgaGVpZ2h0PSIxIiB4bWxucz0iaHR0cDovL3d3dy53My5vcmcvMjAwMC9zdmciPjwvc3ZnPg==\" \/><\/figure>\n<\/div>\n\n\n<div style=\"height:15px\" aria-hidden=\"true\" class=\"wp-block-spacer\"><\/div>\n\n\n\n<h5 class=\"wp-block-heading has-text-align-center mb-0\"><strong>Benjamin Pedersen<\/strong><\/h5>\n\n\n\n<p class=\"has-text-align-center mb-0\">Hj\u00e6lpetr\u00e6ner<\/p>\n\n\n\n<div style=\"height:15px\" aria-hidden=\"true\" class=\"wp-block-spacer\"><\/div>\n\n\n\n<ul class=\"wp-block-social-links mb-0 is-content-justification-center is-layout-flex wp-container-core-social-links-is-layout-16018d1d wp-block-social-links-is-layout-flex\"><li class=\"wp-social-link wp-social-link-mail  wp-block-social-link\"><a href=\"mailto:ovifjerbold@outlook.dk\" class=\"wp-block-social-link-anchor\"><svg width=\"24\" height=\"24\" viewBox=\"0 0 24 24\" version=\"1.1\" xmlns=\"http:\/\/www.w3.org\/2000\/svg\" aria-hidden=\"true\" focusable=\"false\"><path d=\"M19,5H5c-1.1,0-2,.9-2,2v10c0,1.1.9,2,2,2h14c1.1,0,2-.9,2-2V7c0-1.1-.9-2-2-2zm.5,12c0,.3-.2.5-.5.5H5c-.3,0-.5-.2-.5-.5V9.8l7.5,5.6,7.5-5.6V17zm0-9.1L12,13.6,4.5,7.9V7c0-.3.2-.5.5-.5h14c.3,0,.5.2.5.5v.9z\"><\/path><\/svg><span class=\"wp-block-social-link-label screen-reader-text\">Mail<\/span><\/a><\/li><\/ul>\n<\/div>\n\n\n\n<div class=\"wp-block-column is-layout-flow wp-block-column-is-layout-flow\"><\/div>\n<\/div>\n\n\n\n<div style=\"height:26px\" aria-hidden=\"true\" class=\"wp-block-spacer\"><\/div>\n\n\n\n<p>Har du lyst til at hj\u00e6lpe med tr\u00e6ningen s\u00e5 kontakt Brian &#8211; m\u00e5ske har du noget at bidrage med.<\/p>\n<\/div><\/div>\n\n\n\n<p><\/p>\n\n\n\n<p><\/p>\n","protected":false},"excerpt":{"rendered":"<p>Tr\u00e6ning for b\u00f8rne- og ungdomsspillere S\u00e6sonperiode 1\/9-2025 &#8211; 27\/4-2026 For b\u00f8rn og unge i alle aldre er der f\u00e6lles tr\u00e6ning to gange ugentligt. Du er velkommen, uanset om du er nybegynder, let \u00f8vet eller \u00f8vet. Det vigtigste for os er, at der er plads til alle og at det er sjovt at g\u00e5 til badminton. &#8230; <a title=\"Tr\u00e6ning for b\u00f8rne- og ungdomsspillere\" class=\"read-more\" href=\"https:\/\/oevi.dk\/badminton\/traening-for-boerne-og-ungdomsspillere\/\" aria-label=\"Read more about Tr\u00e6ning for b\u00f8rne- og ungdomsspillere\">L\u00e6s mere <\/a><\/p>\n","protected":false},"author":1,"featured_media":0,"parent":0,"menu_order":0,"comment_status":"closed","ping_status":"closed","template":"","meta":{"inline_featured_image":false,"footnotes":""},"class_list":["post-298","page","type-page","status-publish"],"_links":{"self":[{"href":"https:\/\/oevi.dk\/badminton\/wp-json\/wp\/v2\/pages\/298","targetHints":{"allow":["GET"]}}],"collection":[{"href":"https:\/\/oevi.dk\/badminton\/wp-json\/wp\/v2\/pages"}],"about":[{"href":"https:\/\/oevi.dk\/badminton\/wp-json\/wp\/v2\/types\/page"}],"author":[{"embeddable":true,"href":"https:\/\/oevi.dk\/badminton\/wp-json\/wp\/v2\/users\/1"}],"replies":[{"embeddable":true,"href":"https:\/\/oevi.dk\/badminton\/wp-json\/wp\/v2\/comments?post=298"}],"version-history":[{"count":70,"href":"https:\/\/oevi.dk\/badminton\/wp-json\/wp\/v2\/pages\/298\/revisions"}],"predecessor-version":[{"id":790,"href":"https:\/\/oevi.dk\/badminton\/wp-json\/wp\/v2\/pages\/298\/revisions\/790"}],"wp:attachment":[{"href":"https:\/\/oevi.dk\/badminton\/wp-json\/wp\/v2\/media?parent=298"}],"curies":[{"name":"wp","href":"https:\/\/api.w.org\/{rel}","templated":true}]}}