{"id":354,"date":"2024-11-18T16:54:33","date_gmt":"2024-11-18T15:54:33","guid":{"rendered":"https:\/\/oevi.dk\/fodbold\/?page_id=354"},"modified":"2026-04-11T23:01:36","modified_gmt":"2026-04-11T21:01:36","slug":"u15-drenge","status":"publish","type":"page","link":"https:\/\/oevi.dk\/fodbold\/u15-drenge\/","title":{"rendered":"U17 Drenge"},"content":{"rendered":"\n<div class=\"wp-block-columns align-center is-layout-flex wp-container-core-columns-is-layout-9d6595d7 wp-block-columns-is-layout-flex\">\n<div class=\"wp-block-column is-layout-flow wp-block-column-is-layout-flow\">\n<h1 class=\"wp-block-heading\"><strong>U17 Drenge<\/strong><\/h1>\n\n\n\n<p><\/p>\n\n\n\n<div style=\"height:30px\" aria-hidden=\"true\" class=\"wp-block-spacer\"><\/div>\n\n\n\n<h4 class=\"wp-block-heading\"><strong>Tr\u00e6ningstider<\/strong>:<\/h4>\n\n\n\n<figure class=\"wp-block-table\"><table class=\"has-fixed-layout\"><tbody><tr><td>Tirsdag<\/td><td>Kl. 17.00 &#8211; 18.30<\/td><\/tr><tr><td>Torsdag (Thorsh\u00f8j)<\/td><td>Kl. 17.00 &#8211; 18.30<\/td><\/tr><\/tbody><\/table><\/figure>\n<\/div>\n\n\n\n<div class=\"wp-block-column is-layout-flow wp-block-column-is-layout-flow\">\n<div class=\"wp-block-lcb-logo-carousel alcb__5c2cd068 alcb__active_pagination\"><div dir=\"ltr\" class=\"alcb__carousel_container swiper\" data-desktop=\"1\" data-tablet=\"1\" data-mobile=\"1\" data-autoplay=\"true\" data-autoplaydelay=\"5000\" data-autoplaydirection=\"false\" data-speed=\"400\" data-loop=\"true\" data-pauseonhover=\"true\" data-keyboard=\"false\" data-mousewheel=\"false\" data-autoheight=\"false\" data-deskspace=\"0\" data-tabspace=\"20\" data-phonespace=\"10\" data-id=\"alcb__5c2cd068\" data-pagination=\"true\" data-navigation=\"true\" id=\"alcb__5c2cd068\"><div class=\"swiper-wrapper\"><div class=\"swiper-slide alcb__logo-item\" style=\"border: 0 solid #333333;border-radius:0px\"><div class=\"alcb__logo-image  alcb__none\"><img decoding=\"async\" data-src=\"https:\/\/oevi.dk\/fodbold\/wp-content\/uploads\/2024\/11\/309863826_569845528276871_832054746714550150_n.jpg\" alt=\"\" id=\"267\" src=\"data:image\/svg+xml;base64,PHN2ZyB3aWR0aD0iMSIgaGVpZ2h0PSIxIiB4bWxucz0iaHR0cDovL3d3dy53My5vcmcvMjAwMC9zdmciPjwvc3ZnPg==\" class=\"lazyload\" style=\"--smush-placeholder-width: 1080px; --smush-placeholder-aspect-ratio: 1080\/720;\" \/><\/div><\/div><div class=\"swiper-slide alcb__logo-item\" style=\"border: 0 solid #333333;border-radius:0px\"><div class=\"alcb__logo-image  alcb__none\"><img decoding=\"async\" data-src=\"https:\/\/oevi.dk\/fodbold\/wp-content\/uploads\/2024\/11\/OeVI-Fodbold-Banner-2022.webp\" alt=\"\" id=\"269\" src=\"data:image\/svg+xml;base64,PHN2ZyB3aWR0aD0iMSIgaGVpZ2h0PSIxIiB4bWxucz0iaHR0cDovL3d3dy53My5vcmcvMjAwMC9zdmciPjwvc3ZnPg==\" class=\"lazyload\" style=\"--smush-placeholder-width: 1500px; --smush-placeholder-aspect-ratio: 1500\/1000;\" \/><\/div><\/div><\/div><\/div><div class=\"alcb__pag swiper-pagination\"><\/div><div class=\"navigation\"><div class=\"alcb__prev swiper-button-prev\"><\/div><div class=\"alcb__next swiper-button-next\"><\/div><\/div><\/div>\n<\/div>\n<\/div>\n\n\n\n<div class=\"wp-block-group rounded-lg shadow-md has-base-3-background-color has-background\"><div class=\"wp-block-group__inner-container is-layout-constrained wp-block-group-is-layout-constrained\">\n<div class=\"wp-block-columns mb-0 is-layout-flex wp-container-core-columns-is-layout-9d6595d7 wp-block-columns-is-layout-flex\">\n<div class=\"wp-block-column is-layout-flow wp-block-column-is-layout-flow\"><div class=\"wp-block-image is-style-rounded object-top\">\n<figure class=\"aligncenter size-full is-resized\"><img decoding=\"async\" width=\"500\" height=\"500\" data-src=\"https:\/\/oevi.dk\/fodbold\/wp-content\/uploads\/2024\/11\/intet-billede.webp\" alt=\"\" class=\"wp-image-312 lazyload\" style=\"--smush-placeholder-width: 500px; --smush-placeholder-aspect-ratio: 500\/500;aspect-ratio:1;object-fit:cover;width:220px;height:auto\" data-srcset=\"https:\/\/oevi.dk\/fodbold\/wp-content\/uploads\/2024\/11\/intet-billede.webp 500w, https:\/\/oevi.dk\/fodbold\/wp-content\/uploads\/2024\/11\/intet-billede-300x300.webp 300w, https:\/\/oevi.dk\/fodbold\/wp-content\/uploads\/2024\/11\/intet-billede-150x150.webp 150w\" data-sizes=\"(max-width: 500px) 100vw, 500px\" src=\"data:image\/svg+xml;base64,PHN2ZyB3aWR0aD0iMSIgaGVpZ2h0PSIxIiB4bWxucz0iaHR0cDovL3d3dy53My5vcmcvMjAwMC9zdmciPjwvc3ZnPg==\" \/><\/figure>\n<\/div>\n\n\n<div style=\"height:15px\" aria-hidden=\"true\" class=\"wp-block-spacer\"><\/div>\n\n\n\n<h5 class=\"wp-block-heading has-text-align-center mb-0\"><strong>Jens Lindholm<\/strong><\/h5>\n\n\n\n<p class=\"has-text-align-center\"><strong>Christensen<\/strong><\/p>\n\n\n\n<p class=\"has-text-align-center mb-0\">Cheftr\u00e6ner<\/p>\n\n\n\n<div style=\"height:15px\" aria-hidden=\"true\" class=\"wp-block-spacer\"><\/div>\n\n\n\n<ul class=\"wp-block-social-links mb-0 is-content-justification-center is-layout-flex wp-container-core-social-links-is-layout-16018d1d wp-block-social-links-is-layout-flex\"><li class=\"wp-social-link wp-social-link-mail  wp-block-social-link\"><a href=\"mailto:kenthvjensen@gmail.com\" class=\"wp-block-social-link-anchor\"><svg width=\"24\" height=\"24\" viewBox=\"0 0 24 24\" version=\"1.1\" xmlns=\"http:\/\/www.w3.org\/2000\/svg\" aria-hidden=\"true\" focusable=\"false\"><path d=\"M19,5H5c-1.1,0-2,.9-2,2v10c0,1.1.9,2,2,2h14c1.1,0,2-.9,2-2V7c0-1.1-.9-2-2-2zm.5,12c0,.3-.2.5-.5.5H5c-.3,0-.5-.2-.5-.5V9.8l7.5,5.6,7.5-5.6V17zm0-9.1L12,13.6,4.5,7.9V7c0-.3.2-.5.5-.5h14c.3,0,.5.2.5.5v.9z\"><\/path><\/svg><span class=\"wp-block-social-link-label screen-reader-text\">Mail<\/span><\/a><\/li>\n\n<li class=\"wp-social-link wp-social-link-chain  custom-phone-icon wp-block-social-link\"><a href=\"tel:+4530264868\" class=\"wp-block-social-link-anchor\"><svg width=\"24\" height=\"24\" viewBox=\"0 0 24 24\" version=\"1.1\" xmlns=\"http:\/\/www.w3.org\/2000\/svg\" aria-hidden=\"true\" focusable=\"false\"><path d=\"M15.6,7.2H14v1.5h1.6c2,0,3.7,1.7,3.7,3.7s-1.7,3.7-3.7,3.7H14v1.5h1.6c2.8,0,5.2-2.3,5.2-5.2,0-2.9-2.3-5.2-5.2-5.2zM4.7,12.4c0-2,1.7-3.7,3.7-3.7H10V7.2H8.4c-2.9,0-5.2,2.3-5.2,5.2,0,2.9,2.3,5.2,5.2,5.2H10v-1.5H8.4c-2,0-3.7-1.7-3.7-3.7zm4.6.9h5.3v-1.5H9.3v1.5z\"><\/path><\/svg><span class=\"wp-block-social-link-label screen-reader-text\">Telefon<\/span><\/a><\/li><\/ul>\n<\/div>\n\n\n\n<div class=\"wp-block-column is-layout-flow wp-block-column-is-layout-flow\"><\/div>\n\n\n\n<div class=\"wp-block-column is-layout-flow wp-block-column-is-layout-flow\"><\/div>\n\n\n\n<div class=\"wp-block-column is-layout-flow wp-block-column-is-layout-flow\"><\/div>\n<\/div>\n<\/div><\/div>\n\n\n\n<p><\/p>\n","protected":false},"excerpt":{"rendered":"<p>U17 Drenge Tr\u00e6ningstider: Tirsdag Kl. 17.00 &#8211; 18.30 Torsdag (Thorsh\u00f8j) Kl. 17.00 &#8211; 18.30 Jens Lindholm Christensen Cheftr\u00e6ner<\/p>\n","protected":false},"author":1,"featured_media":0,"parent":0,"menu_order":0,"comment_status":"closed","ping_status":"closed","template":"","meta":{"inline_featured_image":false,"footnotes":""},"class_list":["post-354","page","type-page","status-publish"],"_links":{"self":[{"href":"https:\/\/oevi.dk\/fodbold\/wp-json\/wp\/v2\/pages\/354","targetHints":{"allow":["GET"]}}],"collection":[{"href":"https:\/\/oevi.dk\/fodbold\/wp-json\/wp\/v2\/pages"}],"about":[{"href":"https:\/\/oevi.dk\/fodbold\/wp-json\/wp\/v2\/types\/page"}],"author":[{"embeddable":true,"href":"https:\/\/oevi.dk\/fodbold\/wp-json\/wp\/v2\/users\/1"}],"replies":[{"embeddable":true,"href":"https:\/\/oevi.dk\/fodbold\/wp-json\/wp\/v2\/comments?post=354"}],"version-history":[{"count":5,"href":"https:\/\/oevi.dk\/fodbold\/wp-json\/wp\/v2\/pages\/354\/revisions"}],"predecessor-version":[{"id":474,"href":"https:\/\/oevi.dk\/fodbold\/wp-json\/wp\/v2\/pages\/354\/revisions\/474"}],"wp:attachment":[{"href":"https:\/\/oevi.dk\/fodbold\/wp-json\/wp\/v2\/media?parent=354"}],"curies":[{"name":"wp","href":"https:\/\/api.w.org\/{rel}","templated":true}]}}