{"id":446,"date":"2025-02-04T10:19:35","date_gmt":"2025-02-04T09:19:35","guid":{"rendered":"https:\/\/oevi.dk\/fodbold\/?page_id=446"},"modified":"2025-05-03T11:06:25","modified_gmt":"2025-05-03T09:06:25","slug":"tilmelding","status":"publish","type":"page","link":"https:\/\/oevi.dk\/fodbold\/tilmelding\/","title":{"rendered":"Tilmelding"},"content":{"rendered":"\n<div class=\"wp-block-group\"><div class=\"wp-block-group__inner-container is-layout-constrained wp-block-group-is-layout-constrained\">\n<p>Her har du mulighed for at tilmelde dig det hold, som du eller dit barn \u00f8nsker at g\u00e5 p\u00e5.<\/p>\n\n\n\n<script type=\"text\/javascript\" src=\"https:\/\/kluboffice.dbu.dk\/output\/departments.aspx?Clubid=176&#038;SportId=31\"><\/script>\n<\/div><\/div>\n","protected":false},"excerpt":{"rendered":"<p>Her har du mulighed for at tilmelde dig det hold, som du eller dit barn \u00f8nsker at g\u00e5 p\u00e5.<\/p>\n","protected":false},"author":2,"featured_media":0,"parent":0,"menu_order":0,"comment_status":"closed","ping_status":"closed","template":"","meta":{"inline_featured_image":false,"footnotes":""},"class_list":["post-446","page","type-page","status-publish"],"_links":{"self":[{"href":"https:\/\/oevi.dk\/fodbold\/wp-json\/wp\/v2\/pages\/446","targetHints":{"allow":["GET"]}}],"collection":[{"href":"https:\/\/oevi.dk\/fodbold\/wp-json\/wp\/v2\/pages"}],"about":[{"href":"https:\/\/oevi.dk\/fodbold\/wp-json\/wp\/v2\/types\/page"}],"author":[{"embeddable":true,"href":"https:\/\/oevi.dk\/fodbold\/wp-json\/wp\/v2\/users\/2"}],"replies":[{"embeddable":true,"href":"https:\/\/oevi.dk\/fodbold\/wp-json\/wp\/v2\/comments?post=446"}],"version-history":[{"count":1,"href":"https:\/\/oevi.dk\/fodbold\/wp-json\/wp\/v2\/pages\/446\/revisions"}],"predecessor-version":[{"id":447,"href":"https:\/\/oevi.dk\/fodbold\/wp-json\/wp\/v2\/pages\/446\/revisions\/447"}],"wp:attachment":[{"href":"https:\/\/oevi.dk\/fodbold\/wp-json\/wp\/v2\/media?parent=446"}],"curies":[{"name":"wp","href":"https:\/\/api.w.org\/{rel}","templated":true}]}}