{"id":8,"date":"2024-10-11T10:37:59","date_gmt":"2024-10-11T08:37:59","guid":{"rendered":"http:\/\/oevi.dk\/fodbold\/?page_id=8"},"modified":"2025-02-04T11:12:50","modified_gmt":"2025-02-04T10:12:50","slug":"forside","status":"publish","type":"page","link":"https:\/\/oevi.dk\/fodbold\/","title":{"rendered":"Forside"},"content":{"rendered":"<div class=\"wp-block-image hero-image is-style-default\">\n<figure class=\"aligncenter size-full\"><img decoding=\"async\" width=\"1500\" height=\"1000\" data-src=\"https:\/\/oevi.dk\/fodbold\/wp-content\/uploads\/2024\/11\/OeVI-Fodbold-Banner-2022.webp\" alt=\"\" class=\"wp-image-269 lazyload\" data-srcset=\"https:\/\/oevi.dk\/fodbold\/wp-content\/uploads\/2024\/11\/OeVI-Fodbold-Banner-2022.webp 1500w, https:\/\/oevi.dk\/fodbold\/wp-content\/uploads\/2024\/11\/OeVI-Fodbold-Banner-2022-300x200.webp 300w, https:\/\/oevi.dk\/fodbold\/wp-content\/uploads\/2024\/11\/OeVI-Fodbold-Banner-2022-1024x683.webp 1024w, https:\/\/oevi.dk\/fodbold\/wp-content\/uploads\/2024\/11\/OeVI-Fodbold-Banner-2022-768x512.webp 768w\" data-sizes=\"(max-width: 1500px) 100vw, 1500px\" src=\"data:image\/svg+xml;base64,PHN2ZyB3aWR0aD0iMSIgaGVpZ2h0PSIxIiB4bWxucz0iaHR0cDovL3d3dy53My5vcmcvMjAwMC9zdmciPjwvc3ZnPg==\" style=\"--smush-placeholder-width: 1500px; --smush-placeholder-aspect-ratio: 1500\/1000;\" \/><\/figure>\n<\/div>\n\n\n<div style=\"height:40px\" aria-hidden=\"true\" class=\"wp-block-spacer\"><\/div>\n\n\n\n<h2 class=\"wp-block-heading has-text-align-center\"><strong>St\u00f8t dem som st\u00f8tter os<\/strong><\/h2>\n\n\n\n<div class=\"wp-block-group p-0 rounded-lg shadow-md has-base-3-background-color has-background\"><div class=\"wp-block-group__inner-container is-layout-constrained wp-block-group-is-layout-constrained\">\n<div class=\"wp-block-lcb-logo-carousel alcb__9f33a75f\"><div dir=\"ltr\" class=\"alcb__carousel_container swiper\" data-desktop=\"4\" data-tablet=\"2\" data-mobile=\"1\" data-autoplay=\"true\" data-autoplaydelay=\"2000\" data-autoplaydirection=\"false\" data-speed=\"300\" data-loop=\"false\" data-pauseonhover=\"true\" data-keyboard=\"false\" data-mousewheel=\"false\" data-autoheight=\"false\" data-deskspace=\"30\" data-tabspace=\"20\" data-phonespace=\"10\" data-id=\"alcb__9f33a75f\" data-pagination=\"false\" data-navigation=\"false\" id=\"alcb__9f33a75f\"><div class=\"swiper-wrapper\"><div class=\"swiper-slide alcb__logo-item\" style=\"border: 0 solid #333333;border-radius:0px\"><div class=\"alcb__logo-image  alcb__none\"><img decoding=\"async\" data-src=\"https:\/\/oevi.dk\/fodbold\/wp-content\/uploads\/2024\/12\/MENY_logo.png\" alt=\"\" id=\"391\" src=\"data:image\/svg+xml;base64,PHN2ZyB3aWR0aD0iMSIgaGVpZ2h0PSIxIiB4bWxucz0iaHR0cDovL3d3dy53My5vcmcvMjAwMC9zdmciPjwvc3ZnPg==\" class=\"lazyload\" style=\"--smush-placeholder-width: 647px; --smush-placeholder-aspect-ratio: 647\/277;\" \/><\/div><\/div><div class=\"swiper-slide alcb__logo-item\" style=\"border: 0 solid #333333;border-radius:0px\"><div class=\"alcb__logo-image  alcb__none\"><img decoding=\"async\" data-src=\"https:\/\/oevi.dk\/fodbold\/wp-content\/uploads\/2024\/12\/Hoeyrup-logo.png\" alt=\"\" id=\"397\" src=\"data:image\/svg+xml;base64,PHN2ZyB3aWR0aD0iMSIgaGVpZ2h0PSIxIiB4bWxucz0iaHR0cDovL3d3dy53My5vcmcvMjAwMC9zdmciPjwvc3ZnPg==\" class=\"lazyload\" style=\"--smush-placeholder-width: 350px; --smush-placeholder-aspect-ratio: 350\/105;\" \/><\/div><\/div><div class=\"swiper-slide alcb__logo-item\" style=\"border: 0 solid #333333;border-radius:0px\"><div class=\"alcb__logo-image  alcb__none\"><img decoding=\"async\" data-src=\"https:\/\/oevi.dk\/fodbold\/wp-content\/uploads\/2024\/12\/Estate-Boligmaegleren-Taars-Oestervraa-logo-300x120-1.jpg\" alt=\"\" id=\"403\" src=\"data:image\/svg+xml;base64,PHN2ZyB3aWR0aD0iMSIgaGVpZ2h0PSIxIiB4bWxucz0iaHR0cDovL3d3dy53My5vcmcvMjAwMC9zdmciPjwvc3ZnPg==\" class=\"lazyload\" style=\"--smush-placeholder-width: 300px; --smush-placeholder-aspect-ratio: 300\/120;\" \/><\/div><\/div><div class=\"swiper-slide alcb__logo-item\" style=\"border: 0 solid #333333;border-radius:0px\"><div class=\"alcb__logo-image  alcb__none\"><img decoding=\"async\" data-src=\"https:\/\/oevi.dk\/fodbold\/wp-content\/uploads\/2024\/12\/Coop-365discount-Oestervraa-logo.jpg\" alt=\"\" id=\"410\" src=\"data:image\/svg+xml;base64,PHN2ZyB3aWR0aD0iMSIgaGVpZ2h0PSIxIiB4bWxucz0iaHR0cDovL3d3dy53My5vcmcvMjAwMC9zdmciPjwvc3ZnPg==\" class=\"lazyload\" style=\"--smush-placeholder-width: 800px; --smush-placeholder-aspect-ratio: 800\/320;\" \/><\/div><\/div><div class=\"swiper-slide alcb__logo-item\" style=\"border: 0 solid #333333;border-radius:0px\"><div class=\"alcb__logo-image  alcb__none\"><img decoding=\"async\" data-src=\"https:\/\/oevi.dk\/fodbold\/wp-content\/uploads\/2024\/12\/Nordjyske-Bank-logo-300x120-1.jpg\" alt=\"\" id=\"404\" src=\"data:image\/svg+xml;base64,PHN2ZyB3aWR0aD0iMSIgaGVpZ2h0PSIxIiB4bWxucz0iaHR0cDovL3d3dy53My5vcmcvMjAwMC9zdmciPjwvc3ZnPg==\" class=\"lazyload\" style=\"--smush-placeholder-width: 300px; --smush-placeholder-aspect-ratio: 300\/120;\" \/><\/div><\/div><div class=\"swiper-slide alcb__logo-item\" style=\"border: 0 solid #333333;border-radius:0px\"><div class=\"alcb__logo-image  alcb__none\"><img decoding=\"async\" data-src=\"https:\/\/oevi.dk\/fodbold\/wp-content\/uploads\/2024\/12\/Spar-Nord-Oestervraa-Saeby-logo-300x120-1.jpg\" alt=\"\" id=\"405\" src=\"data:image\/svg+xml;base64,PHN2ZyB3aWR0aD0iMSIgaGVpZ2h0PSIxIiB4bWxucz0iaHR0cDovL3d3dy53My5vcmcvMjAwMC9zdmciPjwvc3ZnPg==\" class=\"lazyload\" style=\"--smush-placeholder-width: 300px; --smush-placeholder-aspect-ratio: 300\/120;\" \/><\/div><\/div><div class=\"swiper-slide alcb__logo-item\" style=\"border: 0 solid #333333;border-radius:0px\"><div class=\"alcb__logo-image  alcb__none\"><img decoding=\"async\" data-src=\"https:\/\/oevi.dk\/fodbold\/wp-content\/uploads\/2024\/12\/Salon-Friis-Oestervraa-logo-300x120-1.jpg\" alt=\"\" id=\"406\" src=\"data:image\/svg+xml;base64,PHN2ZyB3aWR0aD0iMSIgaGVpZ2h0PSIxIiB4bWxucz0iaHR0cDovL3d3dy53My5vcmcvMjAwMC9zdmciPjwvc3ZnPg==\" class=\"lazyload\" style=\"--smush-placeholder-width: 300px; --smush-placeholder-aspect-ratio: 300\/120;\" \/><\/div><\/div><div class=\"swiper-slide alcb__logo-item\" style=\"border: 0 solid #333333;border-radius:0px\"><div class=\"alcb__logo-image  alcb__none\"><img decoding=\"async\" data-src=\"https:\/\/oevi.dk\/fodbold\/wp-content\/uploads\/2024\/12\/Oestervraa-Blomsterbutik-logo-300x120-1.jpg\" alt=\"\" id=\"408\" src=\"data:image\/svg+xml;base64,PHN2ZyB3aWR0aD0iMSIgaGVpZ2h0PSIxIiB4bWxucz0iaHR0cDovL3d3dy53My5vcmcvMjAwMC9zdmciPjwvc3ZnPg==\" class=\"lazyload\" style=\"--smush-placeholder-width: 300px; --smush-placeholder-aspect-ratio: 300\/120;\" \/><\/div><\/div><\/div><\/div><\/div>\n<\/div><\/div>\n\n\n\n<div style=\"height:40px\" aria-hidden=\"true\" class=\"wp-block-spacer\"><\/div>\n\n\n\n<div class=\"wp-block-group p-0 rounded-lg shadow-md has-base-3-background-color has-background\"><div class=\"wp-block-group__inner-container is-layout-constrained wp-block-group-is-layout-constrained\">\n<p>\u00d8stervr\u00e5 Idr\u00e6tsforening (\u00d8VI) blev grundlagt i 1936 med fodbold som den prim\u00e6re aktivitet. Siden da har foreningen udvidet med flere sportsgrene, herunder h\u00e5ndbold, sv\u00f8mning, badminton og et motionscenter.&nbsp;<\/p>\n\n\n\n<p>Fodboldafdelingen i \u00d8VI tilbyder tr\u00e6ning og kampe for b\u00e5de b\u00f8rn, unge og voksne. Klubben har hjemmebane p\u00e5 Elektrikeren Nord Arena, beliggende Bredgade 6, 9750 \u00d8stervr\u00e5.\u00a0<\/p>\n\n\n\n<p>For mere information om tr\u00e6ningstider, hold og kommende arrangementer kan man klikke p\u00e5 &#8220;Holdoversigt&#8221; p\u00e5 forsiden af hjemmesiden.<\/p>\n<\/div><\/div>\n","protected":false},"excerpt":{"rendered":"<p>St\u00f8t dem som st\u00f8tter os \u00d8stervr\u00e5 Idr\u00e6tsforening (\u00d8VI) blev grundlagt i 1936 med fodbold som den prim\u00e6re aktivitet. Siden da har foreningen udvidet med flere sportsgrene, herunder h\u00e5ndbold, sv\u00f8mning, badminton og et motionscenter.&nbsp; Fodboldafdelingen i \u00d8VI tilbyder tr\u00e6ning og kampe for b\u00e5de b\u00f8rn, unge og voksne. Klubben har hjemmebane p\u00e5 Elektrikeren Nord Arena, beliggende Bredgade &#8230; <a title=\"Forside\" class=\"read-more\" href=\"https:\/\/oevi.dk\/fodbold\/\" aria-label=\"Read more about Forside\">L\u00e6s mere <\/a><\/p>\n","protected":false},"author":1,"featured_media":0,"parent":0,"menu_order":0,"comment_status":"closed","ping_status":"closed","template":"","meta":{"inline_featured_image":false,"footnotes":""},"class_list":["post-8","page","type-page","status-publish"],"_links":{"self":[{"href":"https:\/\/oevi.dk\/fodbold\/wp-json\/wp\/v2\/pages\/8","targetHints":{"allow":["GET"]}}],"collection":[{"href":"https:\/\/oevi.dk\/fodbold\/wp-json\/wp\/v2\/pages"}],"about":[{"href":"https:\/\/oevi.dk\/fodbold\/wp-json\/wp\/v2\/types\/page"}],"author":[{"embeddable":true,"href":"https:\/\/oevi.dk\/fodbold\/wp-json\/wp\/v2\/users\/1"}],"replies":[{"embeddable":true,"href":"https:\/\/oevi.dk\/fodbold\/wp-json\/wp\/v2\/comments?post=8"}],"version-history":[{"count":81,"href":"https:\/\/oevi.dk\/fodbold\/wp-json\/wp\/v2\/pages\/8\/revisions"}],"predecessor-version":[{"id":450,"href":"https:\/\/oevi.dk\/fodbold\/wp-json\/wp\/v2\/pages\/8\/revisions\/450"}],"wp:attachment":[{"href":"https:\/\/oevi.dk\/fodbold\/wp-json\/wp\/v2\/media?parent=8"}],"curies":[{"name":"wp","href":"https:\/\/api.w.org\/{rel}","templated":true}]}}