{"id":220,"date":"2024-10-18T21:58:31","date_gmt":"2024-10-18T19:58:31","guid":{"rendered":"https:\/\/oevi.dk\/motionscenter\/?page_id=220"},"modified":"2026-02-22T19:42:00","modified_gmt":"2026-02-22T18:42:00","slug":"ferieplan","status":"publish","type":"page","link":"https:\/\/oevi.dk\/motionscenter\/ferieplan\/","title":{"rendered":"Ferieplan"},"content":{"rendered":"\n<div class=\"wp-block-group has-base-3-background-color has-background\"><div class=\"wp-block-group__inner-container is-layout-constrained wp-block-group-is-layout-constrained\">\n<h1 class=\"wp-block-heading\">Instrukt\u00f8rer ved skranken f\u00f8lger skolens ferieplan, -holdtr\u00e6ning sp\u00f8rg din instrukt\u00f8r.<\/h1>\n\n\n\n<p><strong>Ferieplan 2026<\/strong><\/p>\n\n\n\n<figure class=\"wp-block-table\"><table class=\"has-fixed-layout\"><tbody><tr><td><\/td><td><\/td><\/tr><tr><td><strong>Vinter ferie<\/strong><\/td><td><strong>Uge 8<\/strong><\/td><\/tr><tr><td><strong>P\u00e5skeferie<\/strong><\/td><td><strong>27-3-26 til 6-4-26<\/strong><\/td><\/tr><tr><td><strong>Kristi himmelfart<\/strong><\/td><td><strong>14-5-26<\/strong><\/td><\/tr><tr><td><strong>Pinse <\/strong><\/td><td><strong>25-5-26<\/strong><\/td><\/tr><tr><td><strong>Sommerferie<\/strong><\/td><td><strong>Hold \u00f8je med opslag i center og Facebook<\/strong><\/td><\/tr><tr><td><strong>Efter\u00e5rsferie<\/strong><\/td><td><strong>Uge 42<\/strong><\/td><\/tr><tr><td><strong>Juleferie<\/strong><\/td><td><strong>18-12-26 til 3-1-27<\/strong><\/td><\/tr><tr><td><\/td><td><\/td><\/tr><\/tbody><\/table><figcaption class=\"wp-element-caption\"><em><strong><mark style=\"background-color:rgba(0, 0, 0, 0)\" class=\"has-inline-color has-contrast-color\">De n\u00e6vnte dage er inklusiv.<\/mark><\/strong><\/em><\/figcaption><\/figure>\n<\/div><\/div>\n","protected":false},"excerpt":{"rendered":"<p>Instrukt\u00f8rer ved skranken f\u00f8lger skolens ferieplan, -holdtr\u00e6ning sp\u00f8rg din instrukt\u00f8r. Ferieplan 2026 Vinter ferie Uge 8 P\u00e5skeferie 27-3-26 til 6-4-26 Kristi himmelfart 14-5-26 Pinse 25-5-26 Sommerferie Hold \u00f8je med opslag i center og Facebook Efter\u00e5rsferie Uge 42 Juleferie 18-12-26 til 3-1-27 De n\u00e6vnte dage er inklusiv.<\/p>\n","protected":false},"author":1,"featured_media":0,"parent":0,"menu_order":0,"comment_status":"closed","ping_status":"closed","template":"","meta":{"inline_featured_image":false,"footnotes":""},"class_list":["post-220","page","type-page","status-publish"],"_links":{"self":[{"href":"https:\/\/oevi.dk\/motionscenter\/wp-json\/wp\/v2\/pages\/220","targetHints":{"allow":["GET"]}}],"collection":[{"href":"https:\/\/oevi.dk\/motionscenter\/wp-json\/wp\/v2\/pages"}],"about":[{"href":"https:\/\/oevi.dk\/motionscenter\/wp-json\/wp\/v2\/types\/page"}],"author":[{"embeddable":true,"href":"https:\/\/oevi.dk\/motionscenter\/wp-json\/wp\/v2\/users\/1"}],"replies":[{"embeddable":true,"href":"https:\/\/oevi.dk\/motionscenter\/wp-json\/wp\/v2\/comments?post=220"}],"version-history":[{"count":8,"href":"https:\/\/oevi.dk\/motionscenter\/wp-json\/wp\/v2\/pages\/220\/revisions"}],"predecessor-version":[{"id":423,"href":"https:\/\/oevi.dk\/motionscenter\/wp-json\/wp\/v2\/pages\/220\/revisions\/423"}],"wp:attachment":[{"href":"https:\/\/oevi.dk\/motionscenter\/wp-json\/wp\/v2\/media?parent=220"}],"curies":[{"name":"wp","href":"https:\/\/api.w.org\/{rel}","templated":true}]}}