{"id":227,"date":"2024-10-18T22:04:13","date_gmt":"2024-10-18T20:04:13","guid":{"rendered":"https:\/\/oevi.dk\/motionscenter\/?page_id=227"},"modified":"2025-02-05T10:35:50","modified_gmt":"2025-02-05T09:35:50","slug":"husets-regler","status":"publish","type":"page","link":"https:\/\/oevi.dk\/motionscenter\/husets-regler\/","title":{"rendered":"Husets regler"},"content":{"rendered":"\n<div class=\"wp-block-group has-base-3-background-color has-background\"><div class=\"wp-block-group__inner-container is-layout-constrained wp-block-group-is-layout-constrained\">\n<h1 class=\"wp-block-heading\">Husets regler, se opslag i center.<\/h1>\n\n\n\n<p>Vi beder dig om at f\u00f8lge vores husregler. Det sikrer en optimal tr\u00e6ningsoplevelse for alle. Har du sp\u00f8rgsm\u00e5l til nedenst\u00e5ende regler, st\u00e5r vores instrukt\u00f8rer i motionscenteret altid til r\u00e5dighed.<\/p>\n\n\n\n<p><strong>REGLER FOR OPF\u00d8RSEL<\/strong><\/p>\n\n\n\n<p>Vi \u00f8nsker, at alle skal have en god oplevelse, n\u00e5r de tr\u00e6ner i \u00d8VI. Derfor forventer vi en positiv omgangstone med respekt for hinanden.Instrukt\u00f8rernes anvisning skal til enhver tid f\u00f8lges, hvis dette ikke sker, kan det medf\u00f8re en bortvisning p\u00e5 6 mdr.<\/p>\n\n\n\n<p><strong>BEHANDLING AF UDSTYR<\/strong><\/p>\n\n\n\n<p>Du m\u00e5 kun benytte udstyret til de \u00f8velser, det er beregnet til. Efter brug beder vi dig venligst l\u00e6gge udstyret p\u00e5 plads Husk at reng\u00f8re maskinerne med papir.<\/p>\n\n\n\n<p><strong>BEKL\u00c6DNING<\/strong><\/p>\n\n\n\n<p>N\u00e5r du tr\u00e6ner, skal du v\u00e6re if\u00f8rt tr\u00e6ningst\u00f8j og indend\u00f8rssko. Tr\u00e6ningst\u00f8jet skal d\u00e6kke brystkassen og maven.<\/p>\n\n\n\n<p><strong>MEDLEMSKORT OG ADGANG TIL CENTRET<\/strong><\/p>\n\n\n\n<p>Adgangschippen er personlig og den skal medbringes hver gang. Adgang til tr\u00e6ningsarealer og omkl\u00e6dningsrum er kun for medlemmer.<\/p>\n\n\n\n<p><strong>FAMILIE, VENNER &amp; B\u00d8RN<\/strong><\/p>\n\n\n\n<p>B\u00f8rn under 15 \u00e5r m\u00e5 ikke tr\u00e6ne eller opholde sig i tr\u00e6ningsarealerne. Ved pasningsproblemer, henvises der til at b\u00f8rn m\u00e5 opholde sig i opstillet sofagruppe (brug af maskiner ikke tilladt).<\/p>\n\n\n\n<p><strong>MOBIL<\/strong><\/p>\n\n\n\n<p>Det er ikke tilladt at tage billeder eller filme andre medlemmer i centrene uden deres samtykke.<\/p>\n\n\n\n<p><strong>DOPING<\/strong><\/p>\n\n\n\n<p>Doping accepteres ikke. Brug af doping medf\u00f8rer bortvisning. Salg af doping i centret medf\u00f8rer politianmeldelse.<\/p>\n\n\n\n<p><strong>\u00c5BNINGSTIDER<\/strong><\/p>\n\n\n\n<p>Vores \u00e5bningstider skal overholdes. Det betyder, at centret skal v\u00e6re forladt ved lukketid. Bem\u00e6rk alarmen g\u00e5r i gang kl.23.00, ophold i motionscenteret efter dette tidspunkt, medf\u00f8re b\u00f8de\/regning p\u00e5 1000 kr. og bortvisning<\/p>\n<\/div><\/div>\n","protected":false},"excerpt":{"rendered":"<p>Husets regler, se opslag i center. Vi beder dig om at f\u00f8lge vores husregler. Det sikrer en optimal tr\u00e6ningsoplevelse for alle. Har du sp\u00f8rgsm\u00e5l til nedenst\u00e5ende regler, st\u00e5r vores instrukt\u00f8rer i motionscenteret altid til r\u00e5dighed. REGLER FOR OPF\u00d8RSEL Vi \u00f8nsker, at alle skal have en god oplevelse, n\u00e5r de tr\u00e6ner i \u00d8VI. Derfor forventer vi &#8230; <a title=\"Husets regler\" class=\"read-more\" href=\"https:\/\/oevi.dk\/motionscenter\/husets-regler\/\" aria-label=\"Read more about Husets regler\">L\u00e6s mere <\/a><\/p>\n","protected":false},"author":1,"featured_media":0,"parent":0,"menu_order":0,"comment_status":"closed","ping_status":"closed","template":"","meta":{"inline_featured_image":false,"footnotes":""},"class_list":["post-227","page","type-page","status-publish"],"_links":{"self":[{"href":"https:\/\/oevi.dk\/motionscenter\/wp-json\/wp\/v2\/pages\/227","targetHints":{"allow":["GET"]}}],"collection":[{"href":"https:\/\/oevi.dk\/motionscenter\/wp-json\/wp\/v2\/pages"}],"about":[{"href":"https:\/\/oevi.dk\/motionscenter\/wp-json\/wp\/v2\/types\/page"}],"author":[{"embeddable":true,"href":"https:\/\/oevi.dk\/motionscenter\/wp-json\/wp\/v2\/users\/1"}],"replies":[{"embeddable":true,"href":"https:\/\/oevi.dk\/motionscenter\/wp-json\/wp\/v2\/comments?post=227"}],"version-history":[{"count":2,"href":"https:\/\/oevi.dk\/motionscenter\/wp-json\/wp\/v2\/pages\/227\/revisions"}],"predecessor-version":[{"id":292,"href":"https:\/\/oevi.dk\/motionscenter\/wp-json\/wp\/v2\/pages\/227\/revisions\/292"}],"wp:attachment":[{"href":"https:\/\/oevi.dk\/motionscenter\/wp-json\/wp\/v2\/media?parent=227"}],"curies":[{"name":"wp","href":"https:\/\/api.w.org\/{rel}","templated":true}]}}