{"id":240,"date":"2024-10-31T23:23:05","date_gmt":"2024-10-31T22:23:05","guid":{"rendered":"https:\/\/oevi.dk\/motionscenter\/?page_id=240"},"modified":"2024-10-31T23:28:24","modified_gmt":"2024-10-31T22:28:24","slug":"body-bike","status":"publish","type":"page","link":"https:\/\/oevi.dk\/motionscenter\/body-bike\/","title":{"rendered":"Body bike"},"content":{"rendered":"\n<figure class=\"wp-block-image size-full w-full-img\"><img decoding=\"async\" width=\"1200\" height=\"500\" data-src=\"https:\/\/oevi.dk\/motionscenter\/wp-content\/uploads\/2024\/10\/OeVImotion-bodybike-1200x500-2.jpg\" alt=\"\" class=\"wp-image-243 lazyload\" style=\"--smush-placeholder-width: 1200px; --smush-placeholder-aspect-ratio: 1200\/500;object-fit:cover\" data-srcset=\"https:\/\/oevi.dk\/motionscenter\/wp-content\/uploads\/2024\/10\/OeVImotion-bodybike-1200x500-2.jpg 1200w, https:\/\/oevi.dk\/motionscenter\/wp-content\/uploads\/2024\/10\/OeVImotion-bodybike-1200x500-2-300x125.jpg 300w, https:\/\/oevi.dk\/motionscenter\/wp-content\/uploads\/2024\/10\/OeVImotion-bodybike-1200x500-2-1024x427.jpg 1024w, https:\/\/oevi.dk\/motionscenter\/wp-content\/uploads\/2024\/10\/OeVImotion-bodybike-1200x500-2-768x320.jpg 768w\" data-sizes=\"(max-width: 1200px) 100vw, 1200px\" src=\"data:image\/svg+xml;base64,PHN2ZyB3aWR0aD0iMSIgaGVpZ2h0PSIxIiB4bWxucz0iaHR0cDovL3d3dy53My5vcmcvMjAwMC9zdmciPjwvc3ZnPg==\" \/><\/figure>\n\n\n\n<div class=\"wp-block-group has-base-3-background-color has-background\"><div class=\"wp-block-group__inner-container is-layout-constrained wp-block-group-is-layout-constrained\">\n<h1 class=\"wp-block-heading\">Body bike<\/h1>\n\n\n\n<p><strong>SUPER EFFEKTIV TR\u00c6NING<\/strong><\/p>\n\n\n\n<p>Body Bike er ikke bare effektiv konditionstr\u00e6ning. Tr\u00e6ningen er ogs\u00e5 et rigtig&nbsp;godt redskab til at forbr\u00e6nde en masse kalorier. Body Bike henvender sig til&nbsp;kvinder og m\u00e6nd i alle aldre, v\u00e6gtklasser og tr\u00e6ningstilstande. ALLE kan g\u00e5 til&nbsp;Body Bike.<\/p>\n\n\n\n<p>Body Bike er en sjov, effektiv og sikker tr\u00e6ning med et h\u00f8jt forbrug af energi&nbsp;og god mulighed for at forbedre konditionen.<\/p>\n\n\n\n<p>Body Bike er tr\u00e6ning med power og energi, det er h\u00e5rdt, og det giver&nbsp;resultater. Samtidig er risikoen for skader minimal, da tr\u00e6ningen ikke&nbsp;uds\u00e6tter kroppen for skadelige st\u00f8d og slag, og det er naturlige bev\u00e6gelser,&nbsp;der arbejdes med.<\/p>\n\n\n\n<p>Body Bike er blevet et hit af ganske simple \u00e5rsager: Det giver resultater i form&nbsp;af bedre kondition, st\u00f8rre iltoptagelse og dermed bedre stofskifte, h\u00f8jere&nbsp;syregr\u00e6nse (anaerob t\u00e6rskel) og som f\u00f8lge af disse effekter et betydeligt&nbsp;v\u00e6gttab.<\/p>\n\n\n\n<p>Body Bikes sammens\u00e6tning afh\u00e6nger blandt andet af instrukt\u00f8ren og&nbsp;elevernes niveau \u2013 der er altid flere niveauer at v\u00e6lge imellem.<\/p>\n\n\n\n<p>Body Bike er intervaltr\u00e6ning, hvor vi skifter mellem perioder for fuld damp og&nbsp;perioder, hvor tempoet er lidt mere behersket \u2013 det ville v\u00e6re kedeligt, hvis vi&nbsp;hele tiden bare konstant sad og hjulede rundt i samme tempo.<\/p>\n\n\n\n<p>Body Bike er en \u201csikker\u201d vej til v\u00e6gttab.<\/p>\n\n\n\n<p>Body Bike er ikke h\u00e5rdt ved leddene, og der er nemt at s\u00e6tte sit eget tempo,&nbsp;hvis man ikke lige har det store overskud i starten.<\/p>\n<\/div><\/div>\n\n\n\n<p><\/p>\n","protected":false},"excerpt":{"rendered":"<p>Body bike SUPER EFFEKTIV TR\u00c6NING Body Bike er ikke bare effektiv konditionstr\u00e6ning. Tr\u00e6ningen er ogs\u00e5 et rigtig&nbsp;godt redskab til at forbr\u00e6nde en masse kalorier. Body Bike henvender sig til&nbsp;kvinder og m\u00e6nd i alle aldre, v\u00e6gtklasser og tr\u00e6ningstilstande. ALLE kan g\u00e5 til&nbsp;Body Bike. Body Bike er en sjov, effektiv og sikker tr\u00e6ning med et h\u00f8jt forbrug &#8230; <a title=\"Body bike\" class=\"read-more\" href=\"https:\/\/oevi.dk\/motionscenter\/body-bike\/\" aria-label=\"Read more about Body bike\">L\u00e6s mere <\/a><\/p>\n","protected":false},"author":1,"featured_media":0,"parent":0,"menu_order":0,"comment_status":"closed","ping_status":"closed","template":"","meta":{"inline_featured_image":false,"footnotes":""},"class_list":["post-240","page","type-page","status-publish"],"_links":{"self":[{"href":"https:\/\/oevi.dk\/motionscenter\/wp-json\/wp\/v2\/pages\/240","targetHints":{"allow":["GET"]}}],"collection":[{"href":"https:\/\/oevi.dk\/motionscenter\/wp-json\/wp\/v2\/pages"}],"about":[{"href":"https:\/\/oevi.dk\/motionscenter\/wp-json\/wp\/v2\/types\/page"}],"author":[{"embeddable":true,"href":"https:\/\/oevi.dk\/motionscenter\/wp-json\/wp\/v2\/users\/1"}],"replies":[{"embeddable":true,"href":"https:\/\/oevi.dk\/motionscenter\/wp-json\/wp\/v2\/comments?post=240"}],"version-history":[{"count":5,"href":"https:\/\/oevi.dk\/motionscenter\/wp-json\/wp\/v2\/pages\/240\/revisions"}],"predecessor-version":[{"id":250,"href":"https:\/\/oevi.dk\/motionscenter\/wp-json\/wp\/v2\/pages\/240\/revisions\/250"}],"wp:attachment":[{"href":"https:\/\/oevi.dk\/motionscenter\/wp-json\/wp\/v2\/media?parent=240"}],"curies":[{"name":"wp","href":"https:\/\/api.w.org\/{rel}","templated":true}]}}