{"id":406,"date":"2025-09-15T19:42:38","date_gmt":"2025-09-15T17:42:38","guid":{"rendered":"https:\/\/oevi.dk\/motionscenter\/?page_id=406"},"modified":"2026-02-23T08:05:08","modified_gmt":"2026-02-23T07:05:08","slug":"nyt-i-motionscentret","status":"publish","type":"page","link":"https:\/\/oevi.dk\/motionscenter\/nyt-i-motionscentret\/","title":{"rendered":"Nyt i motionscenteret"},"content":{"rendered":"\n<h1 class=\"wp-block-heading\">NYT I MOTIONSCENTERET<\/h1>\n\n\n\n<p><strong>Tr\u00e6ning for m\u00f8dre\/f\u00e6dre og babyer<\/strong><\/p>\n\n\n\n<p>Vi har i \u00d8VI nu mulighed for at m\u00f8dre\/f\u00e6dre kan m\u00f8des og tr\u00e6ne en times tid hver anden <strong>onsdage fra 09-10 i lige uger<\/strong>. Holdet k\u00f8rer til og med Juni 2026.<br>Det er vigtigt at du selv m\u00e6rker efter om du er klar til at tr\u00e6ne.<br>Der tr\u00e6nes prim\u00e6rt med fokus p\u00e5 core, ryg, arme og ben og passer godt p\u00e5 mavemusklerne.<br>Prisen er 30 kr. Pr. Gang og kan overf\u00f8res via MobilePay forud for tr\u00e6ningen. Har du en aktiv chip, er holdet inkluderet i prisen og du skal ikke BETALE.<\/p>\n\n\n\n<p><strong>Vi ses I crossk\u00e6lderen&nbsp;<\/strong><\/p>\n\n\n\n<p><\/p>\n","protected":false},"excerpt":{"rendered":"<p>NYT I MOTIONSCENTERET Tr\u00e6ning for m\u00f8dre\/f\u00e6dre og babyer Vi har i \u00d8VI nu mulighed for at m\u00f8dre\/f\u00e6dre kan m\u00f8des og tr\u00e6ne en times tid hver anden onsdage fra 09-10 i lige uger. Holdet k\u00f8rer til og med Juni 2026.Det er vigtigt at du selv m\u00e6rker efter om du er klar til at tr\u00e6ne.Der tr\u00e6nes prim\u00e6rt &#8230; <a title=\"Nyt i motionscenteret\" class=\"read-more\" href=\"https:\/\/oevi.dk\/motionscenter\/nyt-i-motionscentret\/\" aria-label=\"Read more about Nyt i motionscenteret\">L\u00e6s mere <\/a><\/p>\n","protected":false},"author":2,"featured_media":0,"parent":0,"menu_order":0,"comment_status":"closed","ping_status":"closed","template":"","meta":{"inline_featured_image":false,"footnotes":""},"class_list":["post-406","page","type-page","status-publish"],"_links":{"self":[{"href":"https:\/\/oevi.dk\/motionscenter\/wp-json\/wp\/v2\/pages\/406","targetHints":{"allow":["GET"]}}],"collection":[{"href":"https:\/\/oevi.dk\/motionscenter\/wp-json\/wp\/v2\/pages"}],"about":[{"href":"https:\/\/oevi.dk\/motionscenter\/wp-json\/wp\/v2\/types\/page"}],"author":[{"embeddable":true,"href":"https:\/\/oevi.dk\/motionscenter\/wp-json\/wp\/v2\/users\/2"}],"replies":[{"embeddable":true,"href":"https:\/\/oevi.dk\/motionscenter\/wp-json\/wp\/v2\/comments?post=406"}],"version-history":[{"count":6,"href":"https:\/\/oevi.dk\/motionscenter\/wp-json\/wp\/v2\/pages\/406\/revisions"}],"predecessor-version":[{"id":440,"href":"https:\/\/oevi.dk\/motionscenter\/wp-json\/wp\/v2\/pages\/406\/revisions\/440"}],"wp:attachment":[{"href":"https:\/\/oevi.dk\/motionscenter\/wp-json\/wp\/v2\/media?parent=406"}],"curies":[{"name":"wp","href":"https:\/\/api.w.org\/{rel}","templated":true}]}}